{"id":946,"date":"2022-03-16T15:03:13","date_gmt":"2022-03-16T15:03:13","guid":{"rendered":"https:\/\/financepeople.wpengine.com\/?page_id=946"},"modified":"2026-01-20T15:14:05","modified_gmt":"2026-01-20T15:14:05","slug":"recruitment","status":"publish","type":"page","link":"https:\/\/financepeople.no\/en\/recruitment\/","title":{"rendered":"Recruitment"},"content":{"rendered":"\n<section class=\"block-section text-and-image   align-full\">\n\t<div class=\"grid-container\">\n\t\t<div class=\"grid-x grid-margin-x\">\n\t\t\t<div data-aos=\"fade-right\" class=\"cell small-12 large-6 text-col\">\n\t\t\t\t<h2 class=\"title \">Our ambition is at all times to find the right candidate for our clients.<\/h2><div class=\"text\"><p>FinancePeople specialises in recruitment and management for hire for accounting, controlling, investment and finance.<\/p>\n<\/div>\t\t\t<\/div>\n\n\t\t\t<div data-aos=\"fade-left\" class=\"cell small-12 large-6 image-col\">\n\t\t\t\t\t\t\t\t\t\t<object\n\t\t\t\t\t\t\tclass=\"svgator\"\n\t\t\t\t\t\t\ttype=\"image\/svg+xml\"\n\t\t\t\t\t\t\tdata=\"https:\/\/financepeople.no\/wp-content\/uploads\/2022\/03\/Den_Riktige_Okonomen_Engelsk.svg\">\n\t\t\t\t\t\t<\/object>\n\t\t\t\t\t\t\t\t\t<\/div>\n\t\t<\/div>\n\t<\/div>\n<\/section>\n\n\n\n<section class=\"block-section text-and-image reverse  align-full\">\n\t<div class=\"grid-container\">\n\t\t<div class=\"grid-x grid-margin-x\">\n\t\t\t<div data-aos=\"fade-right\" class=\"cell small-12 large-6 text-col\">\n\t\t\t\t<h2 class=\"title \">Our recruitment process stands out in that a financial expert performs all the processes. <\/h2><div class=\"text\"><p>All our employees have hands-on experience in the fields of accounting and finance and have extensive networks within the type of position we recruit for. We believe that our approach creates a better customer experience and produces the best results.<\/p>\n<\/div>\t\t\t<\/div>\n\n\t\t\t<div data-aos=\"fade-left\" class=\"cell small-12 large-6 image-col\">\n\t\t\t\t<img loading=\"lazy\" decoding=\"async\" width=\"720\" height=\"540\" src=\"https:\/\/financepeople.no\/wp-content\/uploads\/2022\/03\/Finance_People-Photo_Einar_Aslaksen-00228_web-720x540.jpg\" class=\"attachment-text-and-image size-text-and-image\" alt=\"V\u00e5r rekrutteringsprosess skiller seg ut ved at det er en \u00f8konom som utf\u00f8rer alle prosessene.\" loading=\"&quot;lazy&quot;\" srcset=\"https:\/\/financepeople.no\/wp-content\/uploads\/2022\/03\/Finance_People-Photo_Einar_Aslaksen-00228_web-720x540.jpg 720w, https:\/\/financepeople.no\/wp-content\/uploads\/2022\/03\/Finance_People-Photo_Einar_Aslaksen-00228_web-300x225.jpg 300w, https:\/\/financepeople.no\/wp-content\/uploads\/2022\/03\/Finance_People-Photo_Einar_Aslaksen-00228_web-1024x768.jpg 1024w, https:\/\/financepeople.no\/wp-content\/uploads\/2022\/03\/Finance_People-Photo_Einar_Aslaksen-00228_web-768x576.jpg 768w, https:\/\/financepeople.no\/wp-content\/uploads\/2022\/03\/Finance_People-Photo_Einar_Aslaksen-00228_web-1536x1152.jpg 1536w, https:\/\/financepeople.no\/wp-content\/uploads\/2022\/03\/Finance_People-Photo_Einar_Aslaksen-00228_web-scaled.jpg 2048w, https:\/\/financepeople.no\/wp-content\/uploads\/2022\/03\/Finance_People-Photo_Einar_Aslaksen-00228_web-502x376.jpg 502w, https:\/\/financepeople.no\/wp-content\/uploads\/2022\/03\/Finance_People-Photo_Einar_Aslaksen-00228_web-533x400.jpg 533w\" sizes=\"auto, (max-width: 720px) 100vw, 720px\" \/>\t\t\t<\/div>\n\t\t<\/div>\n\t<\/div>\n<\/section>\n\n\n\n<section id=\"wysiwyg-block_7f6bd047889201e1606f8922e9a6f1bf\" style=\"background: none;\" class=\"block-section wysiwyg block-section--bg-light-gray align-full\">\n\t<div class=\"grid-container\">\n\t\t<div class=\"grid-x grid-margin-x\">\n\t\t\t<div data-aos=\"fade-down\" class=\"cell small-12 medium-10 large-5\">\n\t\t\t\t<h2 class=\"title\">Our area of expertise:<\/h2>\t\t\t<\/div>\n\n\t\t\t<div data-aos=\"fade-down\" class=\"cell small-12 large-8 large-offset-2\">\n\t\t\t\t\t\t\t<\/div>\n\n\t\t\t<div data-aos=\"fade-up\" class=\"cell small-10 small-offset-1 large-12 large-offset-0 wrapperino\">\n\t\t\t\t\t\t\t\t\t<div class=\"headers\">\n\t\t\t\t\t\t\t\t\t\t\t\t\t<span class=\"header\">Recruitment<\/span>\n\t\t\t\t\t\t\t\t\t\t\t\t\t<span class=\"header\">Management for Hire<\/span>\n\t\t\t\t\t\t\t\t\t\t\t<\/div>\n\t\t\t\t\t\t\t\t\t\t\t\t\t<div class=\"keywords-wrapper\">\n\t\t\t\t\t\t\t\t\t\t\t\t\t\t\t\t\t\t\t\t\t<a class=\"accordation colour\" role=\"button\" aria-expanded=\"false\">\n\t\t\t\t\t\t\t\t\t\t\t\t\t\t\t<div class=\"single-keyword\">\n\t\t\t\t\t\t\t\t\t<div class=\"ki-wrapper\">\n\t\t\t\t\t\t\t\t\t\t<span class=\"keyword no-bars\">Finance &#038; Controlling<\/span>\n\t\t\t\t\t\t\t\t\t\t<span class=\"icon icon-arrow-down rotate\"><\/span>\n\t\t\t\t\t\t\t\t\t<\/div>\n\t\t\t\t\t\t\t\t\t\t\t\t\t\t\t\t\t\t\t<ul class=\"list\">\n\t\t\t\t\t\t\t\t\t\t\t\t\t\t\t\t\t\t\t\t\t\t\t<li class=\"point\">CFO<\/li>\t\t\t\t\t\t\t\t\t\t\t\t\t\t\t\t\t\t\t\t\t\t\t<li class=\"point\">Finance Director<\/li>\t\t\t\t\t\t\t\t\t\t\t\t\t\t\t\t\t\t\t\t\t\t\t<li class=\"point\">Finance Manager<\/li>\t\t\t\t\t\t\t\t\t\t\t\t\t\t\t\t\t\t\t\t\t\t\t<li class=\"point\">Business Analyst<\/li>\t\t\t\t\t\t\t\t\t\t\t\t\t\t\t\t\t\t\t\t\t\t\t<li class=\"point\">Business Controller<\/li>\t\t\t\t\t\t\t\t\t\t\t\t\t\t\t\t\t\t\t\t\t\t\t<li class=\"point\">FP&#038;A<\/li>\t\t\t\t\t\t\t\t\t\t\t\t\t\t\t\t\t\t\t\t\t\t\t<li class=\"point\">ESG<\/li>\t\t\t\t\t\t\t\t\t\t\t\t\t\t\t\t\t\t\t\t\t<\/ul>\n\t\t\t\t\t\t\t\t\t\t\t\t\t\t\t\t\t<\/div>\n\t\t\t\t\t\t\t\t\t\t\t\t\t\t\t<\/a>\n\t\t\t\t\t\t\t\t\t\t\t\t\t\t\t\t\t\t\t\t\t\t\t\t\t\t\t\t<a class=\"accordation colour\" role=\"button\" aria-expanded=\"false\">\n\t\t\t\t\t\t\t\t\t\t\t\t\t\t\t<div class=\"single-keyword\">\n\t\t\t\t\t\t\t\t\t<div class=\"ki-wrapper\">\n\t\t\t\t\t\t\t\t\t\t<span class=\"keyword no-bars\">Accounting<\/span>\n\t\t\t\t\t\t\t\t\t\t<span class=\"icon icon-arrow-down rotate\"><\/span>\n\t\t\t\t\t\t\t\t\t<\/div>\n\t\t\t\t\t\t\t\t\t\t\t\t\t\t\t\t\t\t\t<ul class=\"list\">\n\t\t\t\t\t\t\t\t\t\t\t\t\t\t\t\t\t\t\t\t\t\t\t<li class=\"point\">Group Accounting Manager <\/li>\t\t\t\t\t\t\t\t\t\t\t\t\t\t\t\t\t\t\t\t\t\t\t<li class=\"point\">Accounting Manager <\/li>\t\t\t\t\t\t\t\t\t\t\t\t\t\t\t\t\t\t\t\t\t\t\t<li class=\"point\">Group Controller<\/li>\t\t\t\t\t\t\t\t\t\t\t\t\t\t\t\t\t\t\t\t\t\t\t<li class=\"point\">Financial Controller<\/li>\t\t\t\t\t\t\t\t\t\t\t\t\t\t\t\t\t\t\t\t\t\t\t<li class=\"point\">Senior Accountant<\/li>\t\t\t\t\t\t\t\t\t\t\t\t\t\t\t\t\t\t\t\t\t\t\t<li class=\"point\">Risk, Compliance and Internal Control<\/li>\t\t\t\t\t\t\t\t\t\t\t\t\t\t\t\t\t\t\t\t\t\t\t<li class=\"point\">Payroll<\/li>\t\t\t\t\t\t\t\t\t\t\t\t\t\t\t\t\t\t\t\t\t<\/ul>\n\t\t\t\t\t\t\t\t\t\t\t\t\t\t\t\t\t<\/div>\n\t\t\t\t\t\t\t\t\t\t\t\t\t\t\t<\/a>\n\t\t\t\t\t\t\t\t\t\t\t\t\t\t\t\t\t\t\t\t\t\t\t\t\t\t\t\t<a class=\"accordation colour\" role=\"button\" aria-expanded=\"false\">\n\t\t\t\t\t\t\t\t\t\t\t\t\t\t\t<div class=\"single-keyword\">\n\t\t\t\t\t\t\t\t\t<div class=\"ki-wrapper\">\n\t\t\t\t\t\t\t\t\t\t<span class=\"keyword no-bars\">Investment<\/span>\n\t\t\t\t\t\t\t\t\t\t<span class=\"icon icon-arrow-down rotate\"><\/span>\n\t\t\t\t\t\t\t\t\t<\/div>\n\t\t\t\t\t\t\t\t\t\t\t\t\t\t\t\t\t\t\t<ul class=\"list\">\n\t\t\t\t\t\t\t\t\t\t\t\t\t\t\t\t\t\t\t\t\t\t\t<li class=\"point\">Investment Professionals<\/li>\t\t\t\t\t\t\t\t\t\t\t\t\t\t\t\t\t\t\t\t\t\t\t<li class=\"point\">Analyst<\/li>\t\t\t\t\t\t\t\t\t\t\t\t\t\t\t\t\t\t\t\t\t\t\t<li class=\"point\">Transaction advisors <\/li>\t\t\t\t\t\t\t\t\t\t\t\t\t\t\t\t\t\t\t\t\t\t\t<li class=\"point\">Business Development<\/li>\t\t\t\t\t\t\t\t\t\t\t\t\t\t\t\t\t\t\t\t\t\t\t<li class=\"point\">Investor Relations <\/li>\t\t\t\t\t\t\t\t\t\t\t\t\t\t\t\t\t\t\t\t\t\t\t<li class=\"point\">Treasury<\/li>\t\t\t\t\t\t\t\t\t\t\t\t\t\t\t\t\t\t\t\t\t\t\t<li class=\"point\">Corporate Finance<\/li>\t\t\t\t\t\t\t\t\t\t\t\t\t\t\t\t\t\t\t\t\t<\/ul>\n\t\t\t\t\t\t\t\t\t\t\t\t\t\t\t\t\t<\/div>\n\t\t\t\t\t\t\t\t\t\t\t\t\t\t\t<\/a>\n\t\t\t\t\t\t\t\t\t\t\t\t\t\t\t\t\t\t<\/div>\n\t\t\t\t\t\t\t<\/div>\n\t\t<\/div>\n\t<\/div>\n<\/section>\n\n\n<section class=\"block-section text-and-image   align-full\">\n\t<div class=\"grid-container\">\n\t\t<div class=\"grid-x grid-margin-x\">\n\t\t\t<div data-aos=\"fade-right\" class=\"cell small-12 large-6 text-col\">\n\t\t\t\t<h2 class=\"title \">The right finance specialist<\/h2><div class=\"text\"><p>Our concept is to source the right finance specialist for you. For some customers, personal qualities will mean more than specific skill-sets. Others will emphasise the level of skill above personal qualities. Our expertise lies in mapping out what is right for you and your company and coaching you through the process. That is how we find you the right finance person.<\/p>\n<\/div>\t\t\t<\/div>\n\n\t\t\t<div data-aos=\"fade-left\" class=\"cell small-12 large-6 image-col\">\n\t\t\t\t<img loading=\"lazy\" decoding=\"async\" width=\"720\" height=\"540\" src=\"https:\/\/financepeople.no\/wp-content\/uploads\/2022\/03\/Finance_People-Photo_Einar_Aslaksen-00307_web-720x540.jpg\" class=\"attachment-text-and-image size-text-and-image\" alt=\"FinancePeoples konsept er at vi skal finne den riktige \u00f8konomen for deg. Hos noen kunder vil egenskapene bety mer enn evnene.\" loading=\"&quot;lazy&quot;\" srcset=\"https:\/\/financepeople.no\/wp-content\/uploads\/2022\/03\/Finance_People-Photo_Einar_Aslaksen-00307_web-720x540.jpg 720w, https:\/\/financepeople.no\/wp-content\/uploads\/2022\/03\/Finance_People-Photo_Einar_Aslaksen-00307_web-300x225.jpg 300w, https:\/\/financepeople.no\/wp-content\/uploads\/2022\/03\/Finance_People-Photo_Einar_Aslaksen-00307_web-1024x768.jpg 1024w, https:\/\/financepeople.no\/wp-content\/uploads\/2022\/03\/Finance_People-Photo_Einar_Aslaksen-00307_web-768x576.jpg 768w, https:\/\/financepeople.no\/wp-content\/uploads\/2022\/03\/Finance_People-Photo_Einar_Aslaksen-00307_web-1536x1152.jpg 1536w, https:\/\/financepeople.no\/wp-content\/uploads\/2022\/03\/Finance_People-Photo_Einar_Aslaksen-00307_web-scaled.jpg 2048w, https:\/\/financepeople.no\/wp-content\/uploads\/2022\/03\/Finance_People-Photo_Einar_Aslaksen-00307_web-502x376.jpg 502w, https:\/\/financepeople.no\/wp-content\/uploads\/2022\/03\/Finance_People-Photo_Einar_Aslaksen-00307_web-533x400.jpg 533w\" sizes=\"auto, (max-width: 720px) 100vw, 720px\" \/>\t\t\t<\/div>\n\t\t<\/div>\n\t<\/div>\n<\/section>\n\n\n\n<section class=\"block-section two-column-content align-full\">\n\t<div class=\"grid-container\">\n\t\t<div class=\"grid-x grid-margin-x\">\n\n\t\t\t<div class=\"cell small-12 seperator-line\"><\/div>\n\n\t\t\t<div data-aos=\"fade-in\" class=\"cell small-12 large-8\">\n\t\t\t\t<h2 class=\"title\">The recruitment process<\/h2>\t\t\t<\/div>\n\n\t\t\t<div data-aos=\"fade-right\" class=\"cell small-12 large-6 wysiwyg\">\n\t\t\t\t<p>Our goal is to familiarise the client with the candidates as thoroughly as possible during the process so that they have the best basis to make the right decision. As our client, you can depend on the following:<\/p>\n\t\t\t<\/div>\n\n\t\t\t<div data-aos=\"fade-left\" class=\"cell small-12 large-6 wysiwyg\">\n\t\t\t\t<ul>\n<li>The mapping work is done by advisors with a good understanding of the specialist field<\/li>\n<li>Our advisors\u2019 extensive contacts within finance provides good access to candidates<\/li>\n<li>Our process is characterised by focused work where we keep you, our client, informed about the process, with status updates along the way<\/li>\n<li>As our client, you will have good insight into the candidate\u2019s profile when the person starts to work<\/li>\n<li>By choosing FinancePeople, you have improved the likelihood of making a good recruitment.<\/li>\n<\/ul>\n\t\t\t<\/div>\n\t\t<\/div>\n\t<\/div>\n<\/section>\n\n\n\n\n<section class=\"block-section key-figures align-full\">\n\t<div class=\"grid-container\">\n\t\t<div class=\"grid-x grid-margin-x\">\n\t\t\t<div class=\"cell small-12\">\n\t\t\t\t<h2 class=\"title\">Key figures<\/h2>\t\t\t<\/div>\n\n\t\t\t<div class=\"cell small-12\">\n\t\t\t\t<div class=\"tab-title-wrapper\">\n\t\t\t\t\t\n\t\t\t\t\t\t\t\t<button\n\t\t\t\t\t\t\t\t\taria-label=\"Change tab\"\n\t\t\t\t\t\t\t\t\tid=\"tab-title-69e1dd665b92b0\"\n\t\t\t\t\t\t\t\t\tclass=\"tab-title \"\n\t\t\t\t\t\t\t\t\tdata-aos=\"fade-right\"\n\t\t\t\t\t\t\t\t>\n\t\t\t\t\t\t\t\t\t2019\n\t\t\t\t\t\t\t\t<\/button>\n\t\t\t\t\t\t\t\n\t\t\t\t\t\t\t\t<button\n\t\t\t\t\t\t\t\t\taria-label=\"Change tab\"\n\t\t\t\t\t\t\t\t\tid=\"tab-title-69e1dd665b92b1\"\n\t\t\t\t\t\t\t\t\tclass=\"tab-title \"\n\t\t\t\t\t\t\t\t\tdata-aos=\"fade-right\"\n\t\t\t\t\t\t\t\t>\n\t\t\t\t\t\t\t\t\t2020\n\t\t\t\t\t\t\t\t<\/button>\n\t\t\t\t\t\t\t\n\t\t\t\t\t\t\t\t<button\n\t\t\t\t\t\t\t\t\taria-label=\"Change tab\"\n\t\t\t\t\t\t\t\t\tid=\"tab-title-69e1dd665b92b2\"\n\t\t\t\t\t\t\t\t\tclass=\"tab-title \"\n\t\t\t\t\t\t\t\t\tdata-aos=\"fade-right\"\n\t\t\t\t\t\t\t\t>\n\t\t\t\t\t\t\t\t\t2021\n\t\t\t\t\t\t\t\t<\/button>\n\t\t\t\t\t\t\t\n\t\t\t\t\t\t\t\t<button\n\t\t\t\t\t\t\t\t\taria-label=\"Change tab\"\n\t\t\t\t\t\t\t\t\tid=\"tab-title-69e1dd665b92b3\"\n\t\t\t\t\t\t\t\t\tclass=\"tab-title \"\n\t\t\t\t\t\t\t\t\tdata-aos=\"fade-right\"\n\t\t\t\t\t\t\t\t>\n\t\t\t\t\t\t\t\t\t2022\n\t\t\t\t\t\t\t\t<\/button>\n\t\t\t\t\t\t\t\n\t\t\t\t\t\t\t\t<button\n\t\t\t\t\t\t\t\t\taria-label=\"Change tab\"\n\t\t\t\t\t\t\t\t\tid=\"tab-title-69e1dd665b92b4\"\n\t\t\t\t\t\t\t\t\tclass=\"tab-title \"\n\t\t\t\t\t\t\t\t\tdata-aos=\"fade-right\"\n\t\t\t\t\t\t\t\t>\n\t\t\t\t\t\t\t\t\t2023\n\t\t\t\t\t\t\t\t<\/button>\n\t\t\t\t\t\t\t\n\t\t\t\t\t\t\t\t<button\n\t\t\t\t\t\t\t\t\taria-label=\"Change tab\"\n\t\t\t\t\t\t\t\t\tid=\"tab-title-69e1dd665b92b5\"\n\t\t\t\t\t\t\t\t\tclass=\"tab-title active\"\n\t\t\t\t\t\t\t\t\tdata-aos=\"fade-right\"\n\t\t\t\t\t\t\t\t>\n\t\t\t\t\t\t\t\t\t2024\n\t\t\t\t\t\t\t\t<\/button>\n\t\t\t\t\t\t\t\t\t\t\t<\/div>\n\t\t\t<\/div>\n\n\t\t\t<div class=\"cell small-12\">\n\t\t\t\t<div class=\"tab-content-wrapper\">\n\t\t\t\t\t<div class=\"tab-content \" id=\"tab-content-69e1dd665b92b0\"><div class=\"key-figure-wrapper\"><div class=\"key-figure\"><span data-count-to=\"219\" class=\"value count-to\">219<\/span><span class=\"key\">Recruited<\/span><\/div><\/div><div class=\"key-figure-wrapper\"><div class=\"key-figure\"><span data-count-to=\"113\" class=\"value count-to\">113<\/span><span class=\"key\">Consultancy assigments<\/span><\/div><\/div><\/div><div class=\"tab-content \" id=\"tab-content-69e1dd665b92b1\"><div class=\"key-figure-wrapper\"><div class=\"key-figure\"><span data-count-to=\"180\" class=\"value count-to\">180<\/span><span class=\"key\">Recruited<\/span><\/div><\/div><div class=\"key-figure-wrapper\"><div class=\"key-figure\"><span data-count-to=\"75\" class=\"value count-to\">75<\/span><span class=\"key\">Consultancy assigments<\/span><\/div><\/div><\/div><div class=\"tab-content \" id=\"tab-content-69e1dd665b92b2\"><div class=\"key-figure-wrapper\"><div class=\"key-figure\"><span data-count-to=\"328\" class=\"value count-to\">328<\/span><span class=\"key\">Recruited<\/span><\/div><\/div><div class=\"key-figure-wrapper\"><div class=\"key-figure\"><span data-count-to=\"88\" class=\"value count-to\">88<\/span><span class=\"key\">Consultancy assigments<\/span><\/div><\/div><\/div><div class=\"tab-content \" id=\"tab-content-69e1dd665b92b3\"><div class=\"key-figure-wrapper\"><div class=\"key-figure\"><span data-count-to=\"321\" class=\"value count-to\">321<\/span><span class=\"key\">Recruited<\/span><\/div><\/div><div class=\"key-figure-wrapper\"><div class=\"key-figure\"><span data-count-to=\"79\" class=\"value count-to\">79<\/span><span class=\"key\">Consultancy assigments<\/span><\/div><\/div><\/div><div class=\"tab-content \" id=\"tab-content-69e1dd665b92b4\"><div class=\"key-figure-wrapper\"><div class=\"key-figure\"><span data-count-to=\"300\" class=\"value count-to\">300<\/span><span class=\"key\">Recruited<\/span><\/div><\/div><div class=\"key-figure-wrapper\"><div class=\"key-figure\"><span data-count-to=\"93\" class=\"value count-to\">93<\/span><span class=\"key\">Consultancy assigments<\/span><\/div><\/div><\/div><div class=\"tab-content active\" id=\"tab-content-69e1dd665b92b5\"><div class=\"key-figure-wrapper\"><div class=\"key-figure\"><span data-count-to=\"261\" class=\"value count-to\">261<\/span><span class=\"key\">Recruited<\/span><\/div><\/div><div class=\"key-figure-wrapper\"><div class=\"key-figure\"><span data-count-to=\"115\" class=\"value count-to\">115<\/span><span class=\"key\">Consultancy assigments<\/span><\/div><\/div><\/div>\t\t\t\t<\/div>\n\t\t\t<\/div>\n\t\t<\/div>\n\t<\/div>\n<\/section>\n\n\n\n<section class=\"block-section contact-box align-full\">\n\t<div class=\"grid-container\">\n\t\t<div class=\"grid-x grid-margin-x\">\n\t\t\t<div class=\"cell small-12 large-8 text-col\">\n\t\t\t\t<div data-aos=\"fade-up\">\n\t\t\t\t\t<h2 class=\"title\">Please contact Henriette Kj\u00e6r\u00e5s if you have any questions.<\/h2>\t\t\t\t<\/div>\n\n\t\t\t\t<div data-aos=\"fade-up\">\n\t\t\t\t\t<h2 class=\"name\">Henriette Kj\u00e6r\u00e5s<\/h2><h3 class=\"position\">Manager Recruitment \/ Partner<\/h3><p class=\"phone\"><a href=\"tel:+47 976 15 226\">+47 976 15 226<\/a><\/p><p class=\"email\"><a href=\"mailto:henriette@financepeople.no\">henriette@financepeople.no<\/a><\/p><a href=\"https:\/\/www.linkedin.com\/in\/henriette-kj%C3%A6r%C3%A5s-2449317\/\" class=\"linkedin link link--arrow-right link-small\">LinkedIn profile<\/a>\t\t\t\t<\/div>\n\t\t\t<\/div>\n\n\t\t\t<div class=\"cell small-12 large-4 image-col\">\n\t\t\t\t<img loading=\"lazy\" decoding=\"async\" width=\"450\" height=\"670\" src=\"https:\/\/financepeople.no\/wp-content\/uploads\/2022\/01\/Finance_People-Henriette-00014_web-450x670.jpg\" class=\"attachment-contact-box size-contact-box wp-post-image\" alt=\"Henriette Kj\u00e6r\u00e5s Aaberg, Partner i FinancePeople\" \/>\t\t\t<\/div>\n\t\t<\/div>\n\t<\/div>\n<\/section>\n","protected":false},"excerpt":{"rendered":"","protected":false},"author":2,"featured_media":865,"parent":0,"menu_order":0,"comment_status":"closed","ping_status":"closed","template":"","meta":{"_acf_changed":false,"footnotes":""},"class_list":["post-946","page","type-page","status-publish","has-post-thumbnail","hentry"],"acf":[],"_links":{"self":[{"href":"https:\/\/financepeople.no\/en\/wp-json\/wp\/v2\/pages\/946","targetHints":{"allow":["GET"]}}],"collection":[{"href":"https:\/\/financepeople.no\/en\/wp-json\/wp\/v2\/pages"}],"about":[{"href":"https:\/\/financepeople.no\/en\/wp-json\/wp\/v2\/types\/page"}],"author":[{"embeddable":true,"href":"https:\/\/financepeople.no\/en\/wp-json\/wp\/v2\/users\/2"}],"replies":[{"embeddable":true,"href":"https:\/\/financepeople.no\/en\/wp-json\/wp\/v2\/comments?post=946"}],"version-history":[{"count":0,"href":"https:\/\/financepeople.no\/en\/wp-json\/wp\/v2\/pages\/946\/revisions"}],"wp:featuredmedia":[{"embeddable":true,"href":"https:\/\/financepeople.no\/en\/wp-json\/wp\/v2\/media\/865"}],"wp:attachment":[{"href":"https:\/\/financepeople.no\/en\/wp-json\/wp\/v2\/media?parent=946"}],"curies":[{"name":"wp","href":"https:\/\/api.w.org\/{rel}","templated":true}]}}