{"id":653,"date":"2021-12-15T14:39:38","date_gmt":"2021-12-15T14:39:38","guid":{"rendered":"https:\/\/financepeople.wpengine.com\/om-oss\/"},"modified":"2024-02-16T14:33:51","modified_gmt":"2024-02-16T14:33:51","slug":"about-us","status":"publish","type":"page","link":"https:\/\/financepeople.no\/en\/about-us\/","title":{"rendered":"About us"},"content":{"rendered":"\n<section class=\"block-section text-and-image   align-full\">\n\t<div class=\"grid-container\">\n\t\t<div class=\"grid-x grid-margin-x\">\n\t\t\t<div data-aos=\"fade-right\" class=\"cell small-12 large-6 text-col\">\n\t\t\t\t<h2 class=\"title big\">Bringing the right people together produces the best value for money!<\/h2><div class=\"text\"><p>FinancePeople was established in 2011 and we aim to be Norway\u2019s most attractive recruitment network for finance people.<\/p>\n<p>Our ambition is always to find the right financial person for our clients. Our advisors have specialist knowledge and experience from both finance and recruitment \u2013 creating value through our extensive network of qualified candidates and attractive companies.<\/p>\n<\/div>\t\t\t<\/div>\n\n\t\t\t<div data-aos=\"fade-left\" class=\"cell small-12 large-6 image-col\">\n\t\t\t\t<img loading=\"lazy\" decoding=\"async\" width=\"720\" height=\"540\" src=\"https:\/\/financepeople.no\/wp-content\/uploads\/2022\/03\/Finance_People-Photo_Einar_Aslaksen-00119_web-720x540.jpg\" class=\"attachment-text-and-image size-text-and-image\" alt=\"FinancePeople ble etablert i 2011 og vi har som m\u00e5l \u00e5 v\u00e6re Norges mest attraktive rekrutteringsnettverk for \u00f8konomer.\" loading=\"&quot;lazy&quot;\" srcset=\"https:\/\/financepeople.no\/wp-content\/uploads\/2022\/03\/Finance_People-Photo_Einar_Aslaksen-00119_web-720x540.jpg 720w, https:\/\/financepeople.no\/wp-content\/uploads\/2022\/03\/Finance_People-Photo_Einar_Aslaksen-00119_web-300x225.jpg 300w, https:\/\/financepeople.no\/wp-content\/uploads\/2022\/03\/Finance_People-Photo_Einar_Aslaksen-00119_web-1024x768.jpg 1024w, https:\/\/financepeople.no\/wp-content\/uploads\/2022\/03\/Finance_People-Photo_Einar_Aslaksen-00119_web-768x576.jpg 768w, https:\/\/financepeople.no\/wp-content\/uploads\/2022\/03\/Finance_People-Photo_Einar_Aslaksen-00119_web-1536x1152.jpg 1536w, https:\/\/financepeople.no\/wp-content\/uploads\/2022\/03\/Finance_People-Photo_Einar_Aslaksen-00119_web-scaled.jpg 2048w, https:\/\/financepeople.no\/wp-content\/uploads\/2022\/03\/Finance_People-Photo_Einar_Aslaksen-00119_web-502x376.jpg 502w, https:\/\/financepeople.no\/wp-content\/uploads\/2022\/03\/Finance_People-Photo_Einar_Aslaksen-00119_web-533x400.jpg 533w\" sizes=\"auto, (max-width: 720px) 100vw, 720px\" \/>\t\t\t<\/div>\n\t\t<\/div>\n\t<\/div>\n<\/section>\n\n\n\n<section data-aos=\"fade-up\" class=\"block-section column-info align-full\">\n\t<div class=\"grid-container\">\n\t\t<div class=\"grid-x grid-margin-x\">\n\t\t\t<div class=\"cell small-12\">\n\t\t\t\t<h2 class=\"title\">V\u00e5re kjerneverdier<\/h2>\t\t\t<\/div>\n\n\t\t\t<div class=\"cell small-12 medium-6 large-4\"><h3 class=\"column-title\">Passion<\/h3><div class=\"column-text\"><p>We thrive on working with people. In our network, you receive follow-up from advisors with a passion for bringing the right people together.<\/p>\n<\/div><\/div><div class=\"cell small-12 medium-6 large-4\"><h3 class=\"column-title\">Competent<\/h3><div class=\"column-text\"><p>We are finance experts working in recruitment. We have operational experience from the roles we recruit for, up-to-date knowledge of the market, and use specially developed recruitment tools.<\/p>\n<\/div><\/div><div class=\"cell small-12 medium-6 large-4\"><h3 class=\"column-title\">Result oriented<\/h3><div class=\"column-text\"><p>We match the right person to the right role. In a constantly changing market, we identify tailor-made, flexible solutions for the short or long term.<\/p>\n<\/div><\/div>\t\t<\/div>\n\t<\/div>\n<\/section>\n\n\n\n<section class=\"block-section text-and-image   align-full\">\n\t<div class=\"grid-container\">\n\t\t<div class=\"grid-x grid-margin-x\">\n\t\t\t<div data-aos=\"fade-right\" class=\"cell small-12 large-6 text-col\">\n\t\t\t\t<h2 class=\"title \">We find the right candidate<\/h2><div class=\"text\"><p>FinancePeople offers recruitment and hiring in the fields of accounting, controlling, investment and finance.<\/p>\n<\/div><div class=\"keywords-wrapper\"><span class=\"keyword\">Economy<\/span><span class=\"keyword\">Accounting<\/span><span class=\"keyword\">Finance<\/span><\/div>\t\t\t<\/div>\n\n\t\t\t<div data-aos=\"fade-left\" class=\"cell small-12 large-6 image-col\">\n\t\t\t\t<img loading=\"lazy\" decoding=\"async\" width=\"720\" height=\"540\" src=\"https:\/\/financepeople.no\/wp-content\/uploads\/2022\/03\/Finance_People-Photo_Einar_Aslaksen-00099-2_web-720x540.jpg\" class=\"attachment-text-and-image size-text-and-image\" alt=\"FinancePeople rekrutterer kandidater til b\u00e5de rekrukttering, management for hire og innleie innenfor alle niv\u00e5er p\u00e5 omr\u00e5dene.\" loading=\"&quot;lazy&quot;\" srcset=\"https:\/\/financepeople.no\/wp-content\/uploads\/2022\/03\/Finance_People-Photo_Einar_Aslaksen-00099-2_web-720x540.jpg 720w, https:\/\/financepeople.no\/wp-content\/uploads\/2022\/03\/Finance_People-Photo_Einar_Aslaksen-00099-2_web-300x225.jpg 300w, https:\/\/financepeople.no\/wp-content\/uploads\/2022\/03\/Finance_People-Photo_Einar_Aslaksen-00099-2_web-1024x768.jpg 1024w, https:\/\/financepeople.no\/wp-content\/uploads\/2022\/03\/Finance_People-Photo_Einar_Aslaksen-00099-2_web-768x576.jpg 768w, https:\/\/financepeople.no\/wp-content\/uploads\/2022\/03\/Finance_People-Photo_Einar_Aslaksen-00099-2_web-1536x1152.jpg 1536w, https:\/\/financepeople.no\/wp-content\/uploads\/2022\/03\/Finance_People-Photo_Einar_Aslaksen-00099-2_web-scaled.jpg 2048w, https:\/\/financepeople.no\/wp-content\/uploads\/2022\/03\/Finance_People-Photo_Einar_Aslaksen-00099-2_web-502x376.jpg 502w, https:\/\/financepeople.no\/wp-content\/uploads\/2022\/03\/Finance_People-Photo_Einar_Aslaksen-00099-2_web-533x400.jpg 533w\" sizes=\"auto, (max-width: 720px) 100vw, 720px\" \/>\t\t\t<\/div>\n\t\t<\/div>\n\t<\/div>\n<\/section>\n\n\n\n<section class=\"block-section text-and-image reverse  align-full\">\n\t<div class=\"grid-container\">\n\t\t<div class=\"grid-x grid-margin-x\">\n\t\t\t<div data-aos=\"fade-right\" class=\"cell small-12 large-6 text-col\">\n\t\t\t\t<h2 class=\"title \">How do we do that?<\/h2><div class=\"text\"><p>The best fit for you is based on an analysis of your business, with the following requirements: Skill-sets, personal qualities, motivational factors, framework conditions and professional expertise.<\/p>\n<\/div>\t\t\t<\/div>\n\n\t\t\t<div data-aos=\"fade-left\" class=\"cell small-12 large-6 image-col\">\n\t\t\t\t<img loading=\"lazy\" decoding=\"async\" width=\"720\" height=\"540\" src=\"https:\/\/financepeople.no\/wp-content\/uploads\/2022\/03\/Finance_People-Photo_Einar_Aslaksen-00180_web-720x540.jpg\" class=\"attachment-text-and-image size-text-and-image\" alt=\"Om FinancePeople\" loading=\"&quot;lazy&quot;\" srcset=\"https:\/\/financepeople.no\/wp-content\/uploads\/2022\/03\/Finance_People-Photo_Einar_Aslaksen-00180_web-720x540.jpg 720w, https:\/\/financepeople.no\/wp-content\/uploads\/2022\/03\/Finance_People-Photo_Einar_Aslaksen-00180_web-300x225.jpg 300w, https:\/\/financepeople.no\/wp-content\/uploads\/2022\/03\/Finance_People-Photo_Einar_Aslaksen-00180_web-1024x768.jpg 1024w, https:\/\/financepeople.no\/wp-content\/uploads\/2022\/03\/Finance_People-Photo_Einar_Aslaksen-00180_web-768x576.jpg 768w, https:\/\/financepeople.no\/wp-content\/uploads\/2022\/03\/Finance_People-Photo_Einar_Aslaksen-00180_web-1536x1152.jpg 1536w, https:\/\/financepeople.no\/wp-content\/uploads\/2022\/03\/Finance_People-Photo_Einar_Aslaksen-00180_web-scaled.jpg 2048w, https:\/\/financepeople.no\/wp-content\/uploads\/2022\/03\/Finance_People-Photo_Einar_Aslaksen-00180_web-502x376.jpg 502w, https:\/\/financepeople.no\/wp-content\/uploads\/2022\/03\/Finance_People-Photo_Einar_Aslaksen-00180_web-533x400.jpg 533w\" sizes=\"auto, (max-width: 720px) 100vw, 720px\" \/>\t\t\t<\/div>\n\t\t<\/div>\n\t<\/div>\n<\/section>\n","protected":false},"excerpt":{"rendered":"","protected":false},"author":2,"featured_media":0,"parent":0,"menu_order":0,"comment_status":"closed","ping_status":"closed","template":"","meta":{"_acf_changed":false,"footnotes":""},"class_list":["post-653","page","type-page","status-publish","hentry"],"acf":[],"_links":{"self":[{"href":"https:\/\/financepeople.no\/en\/wp-json\/wp\/v2\/pages\/653","targetHints":{"allow":["GET"]}}],"collection":[{"href":"https:\/\/financepeople.no\/en\/wp-json\/wp\/v2\/pages"}],"about":[{"href":"https:\/\/financepeople.no\/en\/wp-json\/wp\/v2\/types\/page"}],"author":[{"embeddable":true,"href":"https:\/\/financepeople.no\/en\/wp-json\/wp\/v2\/users\/2"}],"replies":[{"embeddable":true,"href":"https:\/\/financepeople.no\/en\/wp-json\/wp\/v2\/comments?post=653"}],"version-history":[{"count":0,"href":"https:\/\/financepeople.no\/en\/wp-json\/wp\/v2\/pages\/653\/revisions"}],"wp:attachment":[{"href":"https:\/\/financepeople.no\/en\/wp-json\/wp\/v2\/media?parent=653"}],"curies":[{"name":"wp","href":"https:\/\/api.w.org\/{rel}","templated":true}]}}